{"id":418,"date":"2024-03-13T09:41:51","date_gmt":"2024-03-13T08:41:51","guid":{"rendered":"https:\/\/lacasitademartin.com\/?page_id=418"},"modified":"2024-03-13T10:01:15","modified_gmt":"2024-03-13T09:01:15","slug":"aviso-legal","status":"publish","type":"page","link":"https:\/\/lacasitademartin.com\/en\/aviso-legal\/","title":{"rendered":"Legal Notice"},"content":{"rendered":"[et_pb_section fb_built=\u00bb1&#8243; admin_label=\u00bbsection\u00bb _builder_version=\u00bb4.16&#8243; global_colors_info=\u00bb{}\u00bb theme_builder_area=\u00bbpost_content\u00bb][et_pb_row admin_label=\u00bbrow\u00bb _builder_version=\u00bb4.16&#8243; background_size=\u00bbinitial\u00bb background_position=\u00bbtop_left\u00bb background_repeat=\u00bbrepeat\u00bb global_colors_info=\u00bb{}\u00bb theme_builder_area=\u00bbpost_content\u00bb][et_pb_column type=\u00bb4_4&#8243; _builder_version=\u00bb4.16&#8243; custom_padding=\u00bb|||\u00bb global_colors_info=\u00bb{}\u00bb custom_padding__hover=\u00bb|||\u00bb theme_builder_area=\u00bbpost_content\u00bb][et_pb_text admin_label=\u00bbText\u00bb _builder_version=\u00bb4.24.1&#8243; background_size=\u00bbinitial\u00bb background_position=\u00bbtop_left\u00bb background_repeat=\u00bbrepeat\u00bb hover_enabled=\u00bb0&#8243; global_colors_info=\u00bb{}\u00bb theme_builder_area=\u00bbpost_content\u00bb sticky_enabled=\u00bb0&#8243;]<p><\/p>\n<h5 class=\"wp-block-heading\"><b>AVISO LEGAL<\/b><\/h5>\n<p>En cumplimiento con lo establecido en la Ley 34\/2002 de 11 de Julio, de Servicios de la Sociedad de la Informaci\u00f3n y el Comercio Electr\u00f3nico (LSSICE), se informa de los siguientes aspectos legales:<\/p>\n<p><strong>PROPIEDAD DEL SITIO WEB<\/strong><br \/>Responsable: LA CASITA DE MARTIN 1976 S.L.<br \/>Nombre comercial: LA CASITA DE MARTIN 1976 S.L.<br \/>NIF: B-93671600<br \/>Direcci\u00f3n: C\/ PABLO ROMERO, 38. C.P: 29640. FUENGIROLA<br \/>Contacto: Email: escuela@lacasitademartin.com<br \/>Registro mercantil o autorizaci\u00f3n administrativa:<br \/>Actividad: EDUCACI\u00d3N<\/p>\n<p>&nbsp;<\/p>\n<p><strong>CONDICIONES GENERALES DE USO<\/strong><br \/>El portal web<span>\u00a0<\/span><strong>LA CASITA DE MARTIN 1976 S.L.<\/strong><span>\u00a0<\/span>tiene como objeto facilitar al p\u00fablico, en general, el conocimiento de las actividades que esta organizaci\u00f3n realiza y de los productos y servicios que presta, para el desarrollo de su actividad.<\/p>\n<p>El uso de cualquiera de las funcionalidades del sitio Web implica la expresa y plena aceptaci\u00f3n de las condiciones aqu\u00ed expuestas, sin perjuicio de aquellas particulares que pudieran aplicarse a algunos de los servicios concretos ofrecidos a trav\u00e9s del sitio Web.<\/p>\n<p><strong>LA CASITA DE MARTIN 1976 S.L.<\/strong><span>\u00a0<\/span>se reserva la facultad de efectuar, en cualquier momento y sin necesidad de previo aviso, modificaciones y actualizaciones de la informaci\u00f3n contenida en su Web o en la configuraci\u00f3n y presentaci\u00f3n de \u00e9sta.<\/p>\n<p>Con el objeto de mantener actualizada la informaci\u00f3n publicada el portal Web, los contenidos del mismo podr\u00e1n ser modificados, corregidos, eliminados o a\u00f1adidos en cualquier momento, por lo que ser\u00e1 conveniente comprobar la vigencia o exactitud de los mismos acudiendo a las fuentes oficiales.<\/p>\n<p>&nbsp;<\/p>\n<p><strong>PROPIEDAD INTELECTUAL, INDUSTRIAL Y FRAMES<\/strong><br \/>Todos los elementos que forman el sitio Web, as\u00ed como su estructura, dise\u00f1o, c\u00f3digo fuente, as\u00ed como los logos, marcas y dem\u00e1s signos distintivos que aparecen en la misma, son titularidad de<span>\u00a0<\/span><strong>LA CASITA DE MARTIN 1976 S.L.<\/strong><span>\u00a0<\/span>o de sus colaboradores y est\u00e1n protegidos por los correspondientes derechos de propiedad intelectual e industrial.<\/p>\n<p>Igualmente est\u00e1n protegidos por los correspondientes derechos de propiedad intelectual e industrial las im\u00e1genes y otros elementos gr\u00e1ficos contenidos en el sitio Web.<span>\u00a0<\/span><strong>LA CASITA DE MARTIN 1976 S.L.<\/strong><span>\u00a0<\/span>proh\u00edbe expresamente la realizaci\u00f3n de \u00abframing\u00bb o la utilizaci\u00f3n por parte de terceros de cualesquiera otros mecanismos que alteren el dise\u00f1o, configuraci\u00f3n original o contenidos de nuestro sitio Web.<\/p>\n<p>El uso de los contenidos deber\u00e1 respetar su licenciamiento particular. De tal modo su uso, reproducci\u00f3n, distribuci\u00f3n, comunicaci\u00f3n p\u00fablica, transformaci\u00f3n o cualquier otra actividad similar o an\u00e1loga, queda totalmente prohibida salvo que medie previa y expresa autorizaci\u00f3n de<span>\u00a0<\/span><strong>LA CASITA DE MARTIN 1976 S.L.<\/strong><\/p>\n<p>\u00danicamente se autoriza la reproducci\u00f3n total o parcial de los textos y contenidos proporcionados por el sitio Web, siempre que concurran todas y cada una de las siguientes condiciones:<\/p>\n<p>1. Se mantenga la integridad de los contenidos, documentos o gr\u00e1ficos.<br \/>2. Se cite expresamente a<span>\u00a0<\/span><strong>LA CASITA DE MARTIN 1976 S.L.<\/strong><span>\u00a0<\/span>como fuente y origen de aquellos.<br \/>3. El prop\u00f3sito y la finalidad de tal uso sea compatible con los fines de la Web y\/o actividad de<span>\u00a0<\/span><strong>LA CASITA DE MARTIN 1976 S.L.<\/strong><br \/>4. No se pretenda un uso comercial, quedando expresamente prohibidas su distribuci\u00f3n, comunicaci\u00f3n p\u00fablica, transformaci\u00f3n o descompilaci\u00f3n.<\/p>\n<p>&nbsp;<\/p>\n<p>Cualquier otro uso habr\u00e1 de ser comunicado y autorizado por<span>\u00a0<\/span><strong>LA CASITA DE MARTIN 1976 S.L.<\/strong>, previa y expresamente.<\/p>\n<p>Respecto a las citas de productos y servicios de terceros,<span>\u00a0<\/span><strong>LA CASITA DE MARTIN 1976 S.L.<\/strong><span>\u00a0<\/span>reconoce a favor de sus titulares los correspondientes derechos de propiedad industrial e intelectual, no implicando su sola menci\u00f3n o aparici\u00f3n en la Web la existencia de derechos ni de responsabilidad alguna sobre los mismos, como tampoco respaldo, patrocinio o recomendaci\u00f3n.<\/p>\n<p><strong>LA CASITA DE MARTIN 1976 S.L.\u00a0<\/strong>declara su respeto a los derechos de propiedad intelectual e industrial de terceros; por ello, si considera que nuestros sitios Web pudieran estar violando sus derechos, rogamos se ponga en contacto con<span>\u00a0<\/span><strong>LA CASITA DE MARTIN 1976 S.L.<\/strong><\/p>\n<p>&nbsp;<\/p>\n<p><strong>RESPONSABILIDAD<\/strong><br \/><strong>LA CASITA DE MARTIN 1976 S.L.<\/strong><span>\u00a0<\/span>no garantiza la inexistencia de errores en el acceso a la Web, en su contenido, ni que \u00e9ste se encuentre actualizado, aunque<span>\u00a0<\/span><strong>LA CASITA DE MARTIN 1976 S.L.\u00a0<\/strong>desarrollar\u00e1 sus mejores esfuerzos para, en su caso, evitarlos, subsanarlos o actualizarlos.<\/p>\n<p>Tanto el acceso al sitio Web de<span>\u00a0<\/span><strong>LA CASITA DE MARTIN 1976 S.L.<\/strong><span>\u00a0<\/span>como el uso que pueda hacerse de la informaci\u00f3n contenida en los mismos es de la exclusiva responsabilidad de quien lo realiza.<\/p>\n<p><strong>LA CASITA DE MARTIN 1976 S.L.<\/strong><span>\u00a0<\/span>no se hace responsable de la informaci\u00f3n y contenidos almacenados, a t\u00edtulo enunciativo, pero no limitativo, en foros, chats, blogs, comentarios, redes sociales o cualquier otro medio que permita a terceros publicar contenidos de la forma independiente en la p\u00e1gina Web de<span>\u00a0<\/span><strong>LA CASITA DE MARTIN 1976 S.L.<\/strong><\/p>\n<p>No obstante, y en cumplimiento de lo dispuesto en la LSSI,<span>\u00a0<\/span><strong>LA CASITA DE MARTIN 1976 S.L.<\/strong><span>\u00a0<\/span>se pone a disposici\u00f3n de todos los usuarios, autoridades y fuerzas de seguridad, y colaborando de forma activa en la retirada o en su caso bloqueo de todos aquellos contenidos que pudieran afectar o contravenir la legislaci\u00f3n nacional, o internacional, derechos de terceros o la moral y el orden p\u00fablico. En caso de que el usuario considere que existe en el sitio web\u00a0alg\u00fan contenido que pudiera ser susceptible de esta clasificaci\u00f3n, rogamos se ponga en contacto con<span>\u00a0<\/span><strong>LA CASITA DE MARTIN 1976 S.L.<\/strong><\/p>\n<p><strong>LA CASITA DE MARTIN 1976 S.L.<\/strong><span>\u00a0<\/span>no se responsabiliza de las contestaciones que se realicen a trav\u00e9s de las distintas direcciones de correo electr\u00f3nico que aparecen en su sitio Web, por lo que en ning\u00fan caso podr\u00e1 derivarse efecto jur\u00eddico vinculante de las mismas.<\/p>\n<p>&nbsp;<\/p>\n<p><strong>LINKS O HIPERENLACES<\/strong><\/p>\n<p>Los enlaces contenidos en nuestro sitio Web pueden dirigir a contenidos Web de tercero. El objetivo de dichos enlaces es \u00fanicamente facilitarle la b\u00fasqueda de los recursos que le puedan interesar a trav\u00e9s de Internet. No obstante, dichas p\u00e1ginas no pertenecen a<span>\u00a0<\/span><strong>LA CASITA DE MARTIN 1976 S.L.<\/strong><span>\u00a0<\/span>ni hace una revisi\u00f3n de sus contenidos y, por ello<span>\u00a0<\/span><strong>LA CASITA DE MARTIN 1976 S.L.<\/strong><span>\u00a0<\/span>no asume ninguna responsabilidad por el contenido, informaciones o servicios que pudieran aparecer en dichos sitios, que tendr\u00e1n exclusivamente car\u00e1cter informativo y que en ning\u00fan caso implican relaci\u00f3n alguna entre<span>\u00a0<\/span><strong>LA CASITA DE MARTIN 1976 S.L.<\/strong><span>\u00a0<\/span>y las personas o entidades titulares de tales contenidos o titulares de otros sitios donde se encuentren<span>\u00a0<\/span><strong>LA CASITA DE MARTIN 1976 S.L.<\/strong><span>\u00a0<\/span>tampoco puede hacerse responsable del funcionamiento de la p\u00e1gina enlazada o de los posibles da\u00f1os que puedan derivarse del acceso o uso de la misma.<\/p>\n<p>Los enlaces al sitio Web de<span>\u00a0<\/span><strong>LA CASITA DE MARTIN 1976 S.L.<\/strong><span>\u00a0<\/span>deber\u00e1n respetar las siguientes condiciones:<br \/>1. El establecimiento del enlace no supondr\u00e1 ning\u00fan tipo de acuerdo, contrato, patrocinio ni recomendaci\u00f3n por parte de<span>\u00a0<\/span><strong>LA CASITA DE MARTIN 1976 S.L.<\/strong><span>\u00a0<\/span>de la p\u00e1gina que realiza el enlace.<br \/>2. La p\u00e1gina Web en la que se establezca el hiperenlace no contendr\u00e1 informaciones con contenidos que sean il\u00edcitos, discriminatorios, contrarios a los principios.<br \/>3.<span>\u00a0<\/span><strong>LA CASITA DE MARTIN 1976 S.L.<\/strong><span>\u00a0<\/span>podr\u00e1 solicitar que se retire un enlace a su Web, sin necesidad de algar causa alguna. En tal caso, la p\u00e1gina que haya realizado el enlace deber\u00e1 proceder a su inmediata supresi\u00f3n, tan pronto como reciba la notificaci\u00f3n de<strong><span>\u00a0<\/span>LA CASITA DE MARTIN 1976 S.L.<\/strong><br \/>4. No se responsabiliza de modo alguno ni garantiza la claridad, exactitud, fiabilidad, correcci\u00f3n o moralidad de contenidos o servicios que el establecimiento del hiperenlace pueda ofrecer. El usuario asume bajo su exclusiva responsabilidad las consecuencias, da\u00f1os o acciones que pudieran derivarse del acceso a la p\u00e1gina Web del hiperenlace.<br \/>5. La p\u00e1gina Web en la que se establezca el hiperenlace no podr\u00e1 contener marca, denominaci\u00f3n, logotipo, eslogan u otros signos distintivos pertenecientes a<span>\u00a0<\/span><strong>LA CASITA DE MARTIN 1976 S.L.<\/strong><span>\u00a0<\/span>excepto aquellos signos que formen parte del mismo hiperenlace.<\/p>\n<p>&nbsp;<\/p>\n<p><strong>PROTECCI\u00d3N DE DATOS PERSONALES<\/strong><br \/>Los datos personales solicitados para la prestaci\u00f3n de nuestros servicios se incluyen en ficheros sometidos a lo dispuesto en la Ley Org\u00e1nica de Protecci\u00f3n de Datos 15\/1999 (LOPD) y en el Real Decreto 1720\/2007, de 21 de diciembre, por el que se aprueba el reglamento de desarrollo de la misma (RLOPD) y el Reglamento General de Protecci\u00f3n de Datos de la Uni\u00f3n Europea (UE 2016\/679 GDPR).<\/p>\n<p>La recogida y tratamiento de dichos datos se llevan a cabo por<span>\u00a0<\/span><strong>LA CASITA DE MARTIN 1976 S.L.<\/strong>, y tienen por finalidad la gesti\u00f3n, prestaci\u00f3n, ampliaci\u00f3n y mejora de los servicios solicitados en cada momento por el usuario, el seguimiento de consultas, participaci\u00f3n en procesos de selecci\u00f3n de personal, comunicaciones electr\u00f3nicas y\/o la confecci\u00f3n de estad\u00edsticas.<\/p>\n<p>Los servicios prestados por<span>\u00a0<\/span><strong>LA CASITA DE MARTIN 1976 S.L.<\/strong><span>\u00a0<\/span>est\u00e1n dirigidos a mayores de 14 a\u00f1os. En el supuesto excepcional de que se desarrollara alg\u00fan servicio dirigido espec\u00edficamente a menores de dicha edad,<span>\u00a0<\/span><strong>LA CASITA DE MARTIN 1976 S.L.<\/strong><span>\u00a0<\/span>solicitar\u00e1 la conformidad de los padres o tutores para la recogida de los datos personales o, en su caso, para el tratamiento de los mismos.<\/p>\n<p><strong>LA CASITA DE MARTIN 1976 S.L.<\/strong><span>\u00a0<\/span>se compromete al cumplimiento de su obligaci\u00f3n de secreto con respecto a los datos de car\u00e1cter personal suministrados y al deber de tratarlos con confidencialidad y reserva, conforme a la legislaci\u00f3n vigente. A estos efectos adoptar\u00e1 las medidas necesarias para evitar su alteraci\u00f3n, p\u00e9rdida, tratamiento o acceso no autorizado.<\/p>\n<p>&nbsp;<\/p>\n<p><strong>DERECHOS DE LOS INTERESADOS<\/strong><br \/>La normativa vigente de protecci\u00f3n de datos le ampara en una serie de derechos en relaci\u00f3n al uso que le damos a sus datos. Todos y cada uno de sus derechos son unipersonales e intransferibles, es decir, que \u00fanicamente pueden ser realizados por el titular de los datos, previa comprobaci\u00f3n de su identidad. A continuaci\u00f3n, te indicamos cuales son los derechos que le asisten:<br \/>\u2013 Solicitar el ACCESO a sus datos personales<br \/>\u2013 Solicitar la RECTIFICACION de sus datos<br \/>\u2013 Solicitar la SUPRESI\u00d3N o eliminaci\u00f3n de sus datos (derecho al \u00abolvido\u00bb)<br \/>\u2013 LIMITAR u OPONERTE al uso que le damos a sus datos<br \/>\u2013 Derecho a la PORTABILIDAD de sus datos para casos de servicios de telecomunicaciones o internet.<br \/>\u2013 Derecho a RETIRAR su consentimiento en cualquier momento<br \/>\u2013 Derecho a presentar una RECLAMACI\u00d3N en materia de protecci\u00f3n de datos ante la Autoridad de Control: AGENCIA ESPA\u00d1OLA DE PROTECCI\u00d3N DE DATOS<\/p>\n<p><strong>\u00bfC\u00f3mo puede ejercer sus derechos en relaci\u00f3n a sus datos?<\/strong><\/p>\n<p>Para el ejercicio de sus derechos de acceso, rectificaci\u00f3n, supresi\u00f3n, limitaci\u00f3n u oposici\u00f3n, portabilidad y retirada de su consentimiento, puede hacerlo de la siguiente forma:<\/p>\n<p>C\/ PABLO ROMERO, 38. C.P 29640, FUENGIROLA. Tel\u00e9fono: 952474510 Email: escuela@lacasitademartin.com<\/p>\n<p><strong>\u00bfC\u00f3mo puede presentar una reclamaci\u00f3n?<\/strong><\/p>\n<p>Adem\u00e1s de los derechos que le asisten, si cree que sus datos no se est\u00e1n recabando o tratando conforme a la normativa vigente de Protecci\u00f3n de Datos, usted podr\u00e1 realizar una reclamaci\u00f3n ante la Autoridad de Control, cuyos datos de contacto indicamos a continuaci\u00f3n:<\/p>\n<p>Agencia Espa\u00f1ola de Protecci\u00f3n de Datos<\/p>\n<p>Calle Jorge Juan, 6, 28001 Madrid<\/p>\n<p>Tel\u00e9fono: 901 100 099 \u2013 912 663 517<\/p>\n<p>Web:<span>\u00a0<\/span><a href=\"http:\/\/www.agpd.es\/\">www.agpd.es<\/a><\/p>\n<p><\/p>[\/et_pb_text][\/et_pb_column][\/et_pb_row][\/et_pb_section]","protected":false},"excerpt":{"rendered":"<p>AVISO LEGAL En cumplimiento con lo establecido en la Ley 34\/2002 de 11 de Julio, de Servicios de la Sociedad de la Informaci\u00f3n y el Comercio Electr\u00f3nico (LSSICE), se informa de los siguientes aspectos legales: PROPIEDAD DEL SITIO WEBResponsable: LA CASITA DE MARTIN 1976 S.L.Nombre comercial: LA CASITA DE MARTIN 1976 S.L.NIF: B-93671600Direcci\u00f3n: C\/ PABLO [&hellip;]<\/p>","protected":false},"author":1,"featured_media":0,"parent":0,"menu_order":0,"comment_status":"closed","ping_status":"closed","template":"","meta":{"_et_pb_use_builder":"on","_et_pb_old_content":"","_et_gb_content_width":"","footnotes":""},"class_list":["post-418","page","type-page","status-publish","hentry"],"yoast_head":"<!-- This site is optimized with the Yoast SEO plugin v24.0 - https:\/\/yoast.com\/wordpress\/plugins\/seo\/ -->\n<title>Aviso legal - La Casita de Mart\u00edn<\/title>\n<meta name=\"robots\" content=\"index, follow, max-snippet:-1, max-image-preview:large, max-video-preview:-1\" \/>\n<link rel=\"canonical\" href=\"https:\/\/lacasitademartin.com\/en\/aviso-legal\/\" \/>\n<meta property=\"og:locale\" content=\"en_GB\" \/>\n<meta property=\"og:type\" content=\"article\" \/>\n<meta property=\"og:title\" content=\"Aviso legal - La Casita de Mart\u00edn\" \/>\n<meta property=\"og:description\" content=\"AVISO LEGAL En cumplimiento con lo establecido en la Ley 34\/2002 de 11 de Julio, de Servicios de la Sociedad de la Informaci\u00f3n y el Comercio Electr\u00f3nico (LSSICE), se informa de los siguientes aspectos legales: PROPIEDAD DEL SITIO WEBResponsable: LA CASITA DE MARTIN 1976 S.L.Nombre comercial: LA CASITA DE MARTIN 1976 S.L.NIF: B-93671600Direcci\u00f3n: C\/ PABLO [&hellip;]\" \/>\n<meta property=\"og:url\" content=\"https:\/\/lacasitademartin.com\/en\/aviso-legal\/\" \/>\n<meta property=\"og:site_name\" content=\"La Casita de Mart\u00edn\" \/>\n<meta property=\"article:publisher\" content=\"https:\/\/www.facebook.com\/CasitaDeMartin\/\" \/>\n<meta property=\"article:modified_time\" content=\"2024-03-13T09:01:15+00:00\" \/>\n<meta name=\"twitter:card\" content=\"summary_large_image\" \/>\n<script type=\"application\/ld+json\" class=\"yoast-schema-graph\">{\"@context\":\"https:\/\/schema.org\",\"@graph\":[{\"@type\":\"WebPage\",\"@id\":\"https:\/\/lacasitademartin.com\/aviso-legal\/\",\"url\":\"https:\/\/lacasitademartin.com\/aviso-legal\/\",\"name\":\"Aviso legal - La Casita de Mart\u00edn\",\"isPartOf\":{\"@id\":\"https:\/\/lacasitademartin.com\/#website\"},\"datePublished\":\"2024-03-13T08:41:51+00:00\",\"dateModified\":\"2024-03-13T09:01:15+00:00\",\"inLanguage\":\"en-GB\",\"potentialAction\":[{\"@type\":\"ReadAction\",\"target\":[\"https:\/\/lacasitademartin.com\/aviso-legal\/\"]}]},{\"@type\":\"WebSite\",\"@id\":\"https:\/\/lacasitademartin.com\/#website\",\"url\":\"https:\/\/lacasitademartin.com\/\",\"name\":\"La Casita de Mart\u00edn\",\"description\":\"Escuela infantil y granja escuela\",\"publisher\":{\"@id\":\"https:\/\/lacasitademartin.com\/#organization\"},\"potentialAction\":[{\"@type\":\"SearchAction\",\"target\":{\"@type\":\"EntryPoint\",\"urlTemplate\":\"https:\/\/lacasitademartin.com\/?s={search_term_string}\"},\"query-input\":{\"@type\":\"PropertyValueSpecification\",\"valueRequired\":true,\"valueName\":\"search_term_string\"}}],\"inLanguage\":\"en-GB\"},{\"@type\":\"Organization\",\"@id\":\"https:\/\/lacasitademartin.com\/#organization\",\"name\":\"La Casita de Mart\u00edn\",\"url\":\"https:\/\/lacasitademartin.com\/\",\"logo\":{\"@type\":\"ImageObject\",\"inLanguage\":\"en-GB\",\"@id\":\"https:\/\/lacasitademartin.com\/#\/schema\/logo\/image\/\",\"url\":\"https:\/\/lacasitademartin.com\/wp-content\/uploads\/2024\/02\/logo_logotexto.png\",\"contentUrl\":\"https:\/\/lacasitademartin.com\/wp-content\/uploads\/2024\/02\/logo_logotexto.png\",\"width\":1400,\"height\":200,\"caption\":\"La Casita de Mart\u00edn\"},\"image\":{\"@id\":\"https:\/\/lacasitademartin.com\/#\/schema\/logo\/image\/\"},\"sameAs\":[\"https:\/\/www.facebook.com\/CasitaDeMartin\/\",\"https:\/\/www.instagram.com\/lacasitademartin\/\",\"https:\/\/www.youtube.com\/channel\/UCdthDsZASyczAlxNGTmfxgw\"]}]}<\/script>\n<!-- \/ Yoast SEO plugin. -->","yoast_head_json":{"title":"Aviso legal - La Casita de Mart\u00edn","robots":{"index":"index","follow":"follow","max-snippet":"max-snippet:-1","max-image-preview":"max-image-preview:large","max-video-preview":"max-video-preview:-1"},"canonical":"https:\/\/lacasitademartin.com\/en\/aviso-legal\/","og_locale":"en_GB","og_type":"article","og_title":"Aviso legal - La Casita de Mart\u00edn","og_description":"AVISO LEGAL En cumplimiento con lo establecido en la Ley 34\/2002 de 11 de Julio, de Servicios de la Sociedad de la Informaci\u00f3n y el Comercio Electr\u00f3nico (LSSICE), se informa de los siguientes aspectos legales: PROPIEDAD DEL SITIO WEBResponsable: LA CASITA DE MARTIN 1976 S.L.Nombre comercial: LA CASITA DE MARTIN 1976 S.L.NIF: B-93671600Direcci\u00f3n: C\/ PABLO [&hellip;]","og_url":"https:\/\/lacasitademartin.com\/en\/aviso-legal\/","og_site_name":"La Casita de Mart\u00edn","article_publisher":"https:\/\/www.facebook.com\/CasitaDeMartin\/","article_modified_time":"2024-03-13T09:01:15+00:00","twitter_card":"summary_large_image","schema":{"@context":"https:\/\/schema.org","@graph":[{"@type":"WebPage","@id":"https:\/\/lacasitademartin.com\/aviso-legal\/","url":"https:\/\/lacasitademartin.com\/aviso-legal\/","name":"Aviso legal - La Casita de Mart\u00edn","isPartOf":{"@id":"https:\/\/lacasitademartin.com\/#website"},"datePublished":"2024-03-13T08:41:51+00:00","dateModified":"2024-03-13T09:01:15+00:00","inLanguage":"en-GB","potentialAction":[{"@type":"ReadAction","target":["https:\/\/lacasitademartin.com\/aviso-legal\/"]}]},{"@type":"WebSite","@id":"https:\/\/lacasitademartin.com\/#website","url":"https:\/\/lacasitademartin.com\/","name":"La Casita de Mart\u00edn","description":"Escuela infantil y granja escuela","publisher":{"@id":"https:\/\/lacasitademartin.com\/#organization"},"potentialAction":[{"@type":"SearchAction","target":{"@type":"EntryPoint","urlTemplate":"https:\/\/lacasitademartin.com\/?s={search_term_string}"},"query-input":{"@type":"PropertyValueSpecification","valueRequired":true,"valueName":"search_term_string"}}],"inLanguage":"en-GB"},{"@type":"Organization","@id":"https:\/\/lacasitademartin.com\/#organization","name":"La Casita de Mart\u00edn","url":"https:\/\/lacasitademartin.com\/","logo":{"@type":"ImageObject","inLanguage":"en-GB","@id":"https:\/\/lacasitademartin.com\/#\/schema\/logo\/image\/","url":"https:\/\/lacasitademartin.com\/wp-content\/uploads\/2024\/02\/logo_logotexto.png","contentUrl":"https:\/\/lacasitademartin.com\/wp-content\/uploads\/2024\/02\/logo_logotexto.png","width":1400,"height":200,"caption":"La Casita de Mart\u00edn"},"image":{"@id":"https:\/\/lacasitademartin.com\/#\/schema\/logo\/image\/"},"sameAs":["https:\/\/www.facebook.com\/CasitaDeMartin\/","https:\/\/www.instagram.com\/lacasitademartin\/","https:\/\/www.youtube.com\/channel\/UCdthDsZASyczAlxNGTmfxgw"]}]}},"_links":{"self":[{"href":"https:\/\/lacasitademartin.com\/en\/wp-json\/wp\/v2\/pages\/418","targetHints":{"allow":["GET"]}}],"collection":[{"href":"https:\/\/lacasitademartin.com\/en\/wp-json\/wp\/v2\/pages"}],"about":[{"href":"https:\/\/lacasitademartin.com\/en\/wp-json\/wp\/v2\/types\/page"}],"author":[{"embeddable":true,"href":"https:\/\/lacasitademartin.com\/en\/wp-json\/wp\/v2\/users\/1"}],"replies":[{"embeddable":true,"href":"https:\/\/lacasitademartin.com\/en\/wp-json\/wp\/v2\/comments?post=418"}],"version-history":[{"count":2,"href":"https:\/\/lacasitademartin.com\/en\/wp-json\/wp\/v2\/pages\/418\/revisions"}],"predecessor-version":[{"id":420,"href":"https:\/\/lacasitademartin.com\/en\/wp-json\/wp\/v2\/pages\/418\/revisions\/420"}],"wp:attachment":[{"href":"https:\/\/lacasitademartin.com\/en\/wp-json\/wp\/v2\/media?parent=418"}],"curies":[{"name":"wp","href":"https:\/\/api.w.org\/{rel}","templated":true}]}}